{"id":3545,"date":"2017-09-10T04:29:22","date_gmt":"2017-09-10T04:29:22","guid":{"rendered":"https:\/\/demos.wolfthemes.com\/andre\/?page_id=3545"},"modified":"2025-09-17T18:24:49","modified_gmt":"2025-09-17T16:24:49","slug":"impressum","status":"publish","type":"page","link":"https:\/\/thomasbrinck.de\/de\/impressum\/","title":{"rendered":"Impressum"},"content":{"rendered":"<div data-elementor-type=\"wp-page\" data-elementor-id=\"3545\" class=\"elementor elementor-3545\">\n\t\t\t\t<div class=\"elementor-element elementor-element-ded41fc e-con-full e-flex wpr-jarallax-no wpr-parallax-no wpr-equal-height-no e-con e-parent\" data-id=\"ded41fc\" data-element_type=\"container\" data-e-type=\"container\">\n\t\t<div class=\"elementor-element elementor-element-9909db0 e-con-full e-flex wpr-parallax-no wpr-equal-height-no e-con e-child\" data-id=\"9909db0\" data-element_type=\"container\" data-e-type=\"container\" data-settings=\"{&quot;background_background&quot;:&quot;classic&quot;,&quot;position&quot;:&quot;fixed&quot;}\">\n\t\t\t\t<\/div>\n\t\t\t\t<div class=\"elementor-element elementor-element-5c22b63 wpr-pointer-none elementor-widget__width-initial elementor-fixed wpr-nav-menu-bp-mobile wpr-mobile-menu-custom-width wpr-main-menu-align-left wpr-main-menu-align--tabletleft wpr-main-menu-align--mobileleft wpr-sub-icon-caret-down wpr-sub-menu-fx-fade wpr-mobile-menu-display-dropdown wpr-mobile-menu-drdown-align-center wpr-mobile-toggle-v1 wpr-sub-divider-yes wpr-mobile-divider-yes elementor-widget elementor-widget-wpr-mega-menu\" data-id=\"5c22b63\" data-element_type=\"widget\" data-e-type=\"widget\" data-settings=\"{&quot;_position&quot;:&quot;fixed&quot;,&quot;menu_layout&quot;:&quot;horizontal&quot;}\" data-widget_type=\"wpr-mega-menu.default\">\n\t\t\t\t<div class=\"elementor-widget-container\">\n\t\t\t\t\t<nav class=\"wpr-nav-menu-container wpr-mega-menu-container wpr-nav-menu-horizontal\" data-trigger=\"hover\"><ul id=\"menu-1-5c22b63\" class=\"wpr-nav-menu wpr-mega-menu\"><li class=\"menu-item menu-item-type-post_type menu-item-object-page menu-item-home menu-item-8451\"><a href=\"https:\/\/thomasbrinck.de\/de\/\" class=\"wpr-menu-item wpr-pointer-item\"><span class=\"menu-item-inner\"><span class=\"menu-item-text-container\" itemprop=\"name\"><span>HOME<\/span><\/span><\/span><\/a><\/li>\n<li class=\"menu-item menu-item-type-post_type menu-item-object-page menu-item-8388\"><a href=\"https:\/\/thomasbrinck.de\/de\/about\/\" class=\"wpr-menu-item wpr-pointer-item\"><span class=\"menu-item-inner\"><span class=\"menu-item-text-container\" itemprop=\"name\"><span>ABOUT<\/span><\/span><\/span><\/a><\/li>\n<li class=\"menu-item menu-item-type-post_type menu-item-object-page menu-item-8389\"><a href=\"https:\/\/thomasbrinck.de\/de\/credits\/\" class=\"wpr-menu-item wpr-pointer-item\"><span class=\"menu-item-inner\"><span class=\"menu-item-text-container\" itemprop=\"name\"><span>CREDITS<\/span><\/span><\/span><\/a><\/li>\n<li class=\"menu-item menu-item-type-post_type menu-item-object-page menu-item-privacy-policy menu-item-8137\"><a href=\"https:\/\/thomasbrinck.de\/de\/impressum\/\" class=\"wpr-menu-item wpr-pointer-item\"><span class=\"menu-item-inner\"><span class=\"menu-item-text-container\" itemprop=\"name\"><span>IMPRESSUM<\/span><\/span><\/span><\/a><\/li>\n<\/ul><\/nav><nav class=\"wpr-mobile-nav-menu-container\"><div class=\"wpr-mobile-toggle-wrap\"><div class=\"wpr-mobile-toggle\"><span class=\"wpr-mobile-toggle-line\"><\/span><span class=\"wpr-mobile-toggle-line\"><\/span><span class=\"wpr-mobile-toggle-line\"><\/span><\/div><\/div><div class=\"wpr-mobile-mega-menu-wrap\" toggle-backface=\"\"><ul id=\"mobile-menu-2-5c22b63\" class=\"wpr-mobile-nav-menu wpr-mobile-mega-menu\"><li class=\"menu-item menu-item-type-post_type menu-item-object-page menu-item-home menu-item-8451\"><a href=\"https:\/\/thomasbrinck.de\/de\/\" class=\"wpr-mobile-menu-item\"><span class=\"menu-item-inner\"><span class=\"menu-item-text-container\" itemprop=\"name\">HOME<\/span><\/span><\/a><\/li>\n<li class=\"menu-item menu-item-type-post_type menu-item-object-page menu-item-8388\"><a href=\"https:\/\/thomasbrinck.de\/de\/about\/\" class=\"wpr-mobile-menu-item\"><span class=\"menu-item-inner\"><span class=\"menu-item-text-container\" itemprop=\"name\">ABOUT<\/span><\/span><\/a><\/li>\n<li class=\"menu-item menu-item-type-post_type menu-item-object-page menu-item-8389\"><a href=\"https:\/\/thomasbrinck.de\/de\/credits\/\" class=\"wpr-mobile-menu-item\"><span class=\"menu-item-inner\"><span class=\"menu-item-text-container\" itemprop=\"name\">CREDITS<\/span><\/span><\/a><\/li>\n<li class=\"menu-item menu-item-type-post_type menu-item-object-page menu-item-privacy-policy menu-item-8137\"><a href=\"https:\/\/thomasbrinck.de\/de\/impressum\/\" class=\"wpr-mobile-menu-item\"><span class=\"menu-item-inner\"><span class=\"menu-item-text-container\" itemprop=\"name\">IMPRESSUM<\/span><\/span><\/a><\/li>\n<\/ul><\/div><\/nav>\t\t\t\t<\/div>\n\t\t\t\t<\/div>\n\t\t\t\t<div class=\"elementor-element elementor-element-217f43c elementor-fixed elementor-widget elementor-widget-text-editor\" data-id=\"217f43c\" data-element_type=\"widget\" data-e-type=\"widget\" data-settings=\"{&quot;_position&quot;:&quot;fixed&quot;}\" data-widget_type=\"text-editor.default\">\n\t\t\t\t<div class=\"elementor-widget-container\">\n\t\t\t\t\t\t\t\t\t<p><a style=\"text-align: left; font-family: karla, sans-serif; font-size: 13 pt;\" href=\"https:\/\/www.crew-united.com\/de\/Thomas-Brinck_413342.html\">CREW UNITED<\/a><\/p>\t\t\t\t\t\t\t\t<\/div>\n\t\t\t\t<\/div>\n\t\t\t\t<div class=\"elementor-element elementor-element-7312e81 elementor-shape-circle e-grid-align-left e-transform elementor-fixed elementor-grid-mobile-0 elementor-grid-0 elementor-widget elementor-widget-social-icons\" data-id=\"7312e81\" data-element_type=\"widget\" data-e-type=\"widget\" data-settings=\"{&quot;_transform_translateX_effect&quot;:{&quot;unit&quot;:&quot;px&quot;,&quot;size&quot;:-14,&quot;sizes&quot;:[]},&quot;_transform_translateY_effect&quot;:{&quot;unit&quot;:&quot;px&quot;,&quot;size&quot;:-5,&quot;sizes&quot;:[]},&quot;_position&quot;:&quot;fixed&quot;,&quot;_transform_translateX_effect_tablet&quot;:{&quot;unit&quot;:&quot;px&quot;,&quot;size&quot;:&quot;&quot;,&quot;sizes&quot;:[]},&quot;_transform_translateX_effect_mobile&quot;:{&quot;unit&quot;:&quot;px&quot;,&quot;size&quot;:&quot;&quot;,&quot;sizes&quot;:[]},&quot;_transform_translateY_effect_tablet&quot;:{&quot;unit&quot;:&quot;px&quot;,&quot;size&quot;:&quot;&quot;,&quot;sizes&quot;:[]},&quot;_transform_translateY_effect_mobile&quot;:{&quot;unit&quot;:&quot;px&quot;,&quot;size&quot;:&quot;&quot;,&quot;sizes&quot;:[]}}\" data-widget_type=\"social-icons.default\">\n\t\t\t\t<div class=\"elementor-widget-container\">\n\t\t\t\t\t\t\t<div class=\"elementor-social-icons-wrapper elementor-grid\" role=\"list\">\n\t\t\t\t\t\t\t<span class=\"elementor-grid-item\" role=\"listitem\">\n\t\t\t\t\t<a class=\"elementor-icon elementor-social-icon elementor-social-icon-envelope elementor-repeater-item-e87778e\" href=\"mailto:mail@thomasbrinck.de\" target=\"_blank\">\n\t\t\t\t\t\t<span class=\"elementor-screen-only\">Envelope<\/span>\n\t\t\t\t\t\t<svg aria-hidden=\"true\" class=\"e-font-icon-svg e-far-envelope\" viewbox=\"0 0 512 512\" xmlns=\"http:\/\/www.w3.org\/2000\/svg\"><path d=\"M464 64H48C21.49 64 0 85.49 0 112v288c0 26.51 21.49 48 48 48h416c26.51 0 48-21.49 48-48V112c0-26.51-21.49-48-48-48zm0 48v40.805c-22.422 18.259-58.168 46.651-134.587 106.49-16.841 13.247-50.201 45.072-73.413 44.701-23.208.375-56.579-31.459-73.413-44.701C106.18 199.465 70.425 171.067 48 152.805V112h416zM48 400V214.398c22.914 18.251 55.409 43.862 104.938 82.646 21.857 17.205 60.134 55.186 103.062 54.955 42.717.231 80.509-37.199 103.053-54.947 49.528-38.783 82.032-64.401 104.947-82.653V400H48z\"><\/path><\/svg>\t\t\t\t\t<\/a>\n\t\t\t\t<\/span>\n\t\t\t\t\t\t\t<span class=\"elementor-grid-item\" role=\"listitem\">\n\t\t\t\t\t<a class=\"elementor-icon elementor-social-icon elementor-social-icon-instagram elementor-repeater-item-7704185\" href=\"https:\/\/www.instagram.com\/thomas_brinck\/\" target=\"_blank\">\n\t\t\t\t\t\t<span class=\"elementor-screen-only\">Instagram<\/span>\n\t\t\t\t\t\t<svg aria-hidden=\"true\" class=\"e-font-icon-svg e-fab-instagram\" viewbox=\"0 0 448 512\" xmlns=\"http:\/\/www.w3.org\/2000\/svg\"><path d=\"M224.1 141c-63.6 0-114.9 51.3-114.9 114.9s51.3 114.9 114.9 114.9S339 319.5 339 255.9 287.7 141 224.1 141zm0 189.6c-41.1 0-74.7-33.5-74.7-74.7s33.5-74.7 74.7-74.7 74.7 33.5 74.7 74.7-33.6 74.7-74.7 74.7zm146.4-194.3c0 14.9-12 26.8-26.8 26.8-14.9 0-26.8-12-26.8-26.8s12-26.8 26.8-26.8 26.8 12 26.8 26.8zm76.1 27.2c-1.7-35.9-9.9-67.7-36.2-93.9-26.2-26.2-58-34.4-93.9-36.2-37-2.1-147.9-2.1-184.9 0-35.8 1.7-67.6 9.9-93.9 36.1s-34.4 58-36.2 93.9c-2.1 37-2.1 147.9 0 184.9 1.7 35.9 9.9 67.7 36.2 93.9s58 34.4 93.9 36.2c37 2.1 147.9 2.1 184.9 0 35.9-1.7 67.7-9.9 93.9-36.2 26.2-26.2 34.4-58 36.2-93.9 2.1-37 2.1-147.8 0-184.8zM398.8 388c-7.8 19.6-22.9 34.7-42.6 42.6-29.5 11.7-99.5 9-132.1 9s-102.7 2.6-132.1-9c-19.6-7.8-34.7-22.9-42.6-42.6-11.7-29.5-9-99.5-9-132.1s-2.6-102.7 9-132.1c7.8-19.6 22.9-34.7 42.6-42.6 29.5-11.7 99.5-9 132.1-9s102.7-2.6 132.1 9c19.6 7.8 34.7 22.9 42.6 42.6 11.7 29.5 9 99.5 9 132.1s2.7 102.7-9 132.1z\"><\/path><\/svg>\t\t\t\t\t<\/a>\n\t\t\t\t<\/span>\n\t\t\t\t\t\t\t<span class=\"elementor-grid-item\" role=\"listitem\">\n\t\t\t\t\t<a class=\"elementor-icon elementor-social-icon elementor-social-icon-vimeo elementor-repeater-item-916b365\" href=\"https:\/\/vimeo.com\/thomasbrinck\" target=\"_blank\">\n\t\t\t\t\t\t<span class=\"elementor-screen-only\">Vimeo<\/span>\n\t\t\t\t\t\t<svg aria-hidden=\"true\" class=\"e-font-icon-svg e-fab-vimeo\" viewbox=\"0 0 448 512\" xmlns=\"http:\/\/www.w3.org\/2000\/svg\"><path d=\"M403.2 32H44.8C20.1 32 0 52.1 0 76.8v358.4C0 459.9 20.1 480 44.8 480h358.4c24.7 0 44.8-20.1 44.8-44.8V76.8c0-24.7-20.1-44.8-44.8-44.8zM377 180.8c-1.4 31.5-23.4 74.7-66 129.4-44 57.2-81.3 85.8-111.7 85.8-18.9 0-34.8-17.4-47.9-52.3-25.5-93.3-36.4-148-57.4-148-2.4 0-10.9 5.1-25.4 15.2l-15.2-19.6c37.3-32.8 72.9-69.2 95.2-71.2 25.2-2.4 40.7 14.8 46.5 51.7 20.7 131.2 29.9 151 67.6 91.6 13.5-21.4 20.8-37.7 21.8-48.9 3.5-33.2-25.9-30.9-45.8-22.4 15.9-52.1 46.3-77.4 91.2-76 33.3.9 49 22.5 47.1 64.7z\"><\/path><\/svg>\t\t\t\t\t<\/a>\n\t\t\t\t<\/span>\n\t\t\t\t\t\t\t<span class=\"elementor-grid-item\" role=\"listitem\">\n\t\t\t\t\t<a class=\"elementor-icon elementor-social-icon elementor-social-icon-youtube elementor-repeater-item-aa10d1a\" href=\"https:\/\/www.youtube.com\/channel\/UCLwnj29mDyaHnjKtMm3HfXg\" target=\"_blank\">\n\t\t\t\t\t\t<span class=\"elementor-screen-only\">Youtube<\/span>\n\t\t\t\t\t\t<svg aria-hidden=\"true\" class=\"e-font-icon-svg e-fab-youtube\" viewbox=\"0 0 576 512\" xmlns=\"http:\/\/www.w3.org\/2000\/svg\"><path d=\"M549.655 124.083c-6.281-23.65-24.787-42.276-48.284-48.597C458.781 64 288 64 288 64S117.22 64 74.629 75.486c-23.497 6.322-42.003 24.947-48.284 48.597-11.412 42.867-11.412 132.305-11.412 132.305s0 89.438 11.412 132.305c6.281 23.65 24.787 41.5 48.284 47.821C117.22 448 288 448 288 448s170.78 0 213.371-11.486c23.497-6.321 42.003-24.171 48.284-47.821 11.412-42.867 11.412-132.305 11.412-132.305s0-89.438-11.412-132.305zm-317.51 213.508V175.185l142.739 81.205-142.739 81.201z\"><\/path><\/svg>\t\t\t\t\t<\/a>\n\t\t\t\t<\/span>\n\t\t\t\t\t\t\t<span class=\"elementor-grid-item\" role=\"listitem\">\n\t\t\t\t\t<a class=\"elementor-icon elementor-social-icon elementor-social-icon-imdb elementor-repeater-item-1deb6cd\" href=\"https:\/\/www.imdb.com\/name\/nm7717720\/\" target=\"_blank\">\n\t\t\t\t\t\t<span class=\"elementor-screen-only\">Imdb<\/span>\n\t\t\t\t\t\t<svg aria-hidden=\"true\" class=\"e-font-icon-svg e-fab-imdb\" viewbox=\"0 0 448 512\" xmlns=\"http:\/\/www.w3.org\/2000\/svg\"><path d=\"M400 32H48C21.5 32 0 53.5 0 80v352c0 26.5 21.5 48 48 48h352c26.5 0 48-21.5 48-48V80c0-26.5-21.5-48-48-48zM21.3 229.2H21c.1-.1.2-.3.3-.4zM97 319.8H64V192h33zm113.2 0h-28.7v-86.4l-11.6 86.4h-20.6l-12.2-84.5v84.5h-29V192h42.8c3.3 19.8 6 39.9 8.7 59.9l7.6-59.9h43zm11.4 0V192h24.6c17.6 0 44.7-1.6 49 20.9 1.7 7.6 1.4 16.3 1.4 24.4 0 88.5 11.1 82.6-75 82.5zm160.9-29.2c0 15.7-2.4 30.9-22.2 30.9-9 0-15.2-3-20.9-9.8l-1.9 8.1h-29.8V192h31.7v41.7c6-6.5 12-9.2 20.9-9.2 21.4 0 22.2 12.8 22.2 30.1zM265 229.9c0-9.7 1.6-16-10.3-16v83.7c12.2.3 10.3-8.7 10.3-18.4zm85.5 26.1c0-5.4 1.1-12.7-6.2-12.7-6 0-4.9 8.9-4.9 12.7 0 .6-1.1 39.6 1.1 44.7.8 1.6 2.2 2.4 3.8 2.4 7.8 0 6.2-9 6.2-14.4z\"><\/path><\/svg>\t\t\t\t\t<\/a>\n\t\t\t\t<\/span>\n\t\t\t\t\t\t\t<span class=\"elementor-grid-item\" role=\"listitem\">\n\t\t\t\t\t<a class=\"elementor-icon elementor-social-icon elementor-social-icon-linkedin elementor-repeater-item-200a419\" href=\"https:\/\/www.linkedin.com\/in\/thomas-brinck-9b6243133\/\" target=\"_blank\">\n\t\t\t\t\t\t<span class=\"elementor-screen-only\">Linkedin<\/span>\n\t\t\t\t\t\t<svg aria-hidden=\"true\" class=\"e-font-icon-svg e-fab-linkedin\" viewbox=\"0 0 448 512\" xmlns=\"http:\/\/www.w3.org\/2000\/svg\"><path d=\"M416 32H31.9C14.3 32 0 46.5 0 64.3v383.4C0 465.5 14.3 480 31.9 480H416c17.6 0 32-14.5 32-32.3V64.3c0-17.8-14.4-32.3-32-32.3zM135.4 416H69V202.2h66.5V416zm-33.2-243c-21.3 0-38.5-17.3-38.5-38.5S80.9 96 102.2 96c21.2 0 38.5 17.3 38.5 38.5 0 21.3-17.2 38.5-38.5 38.5zm282.1 243h-66.4V312c0-24.8-.5-56.7-34.5-56.7-34.6 0-39.9 27-39.9 54.9V416h-66.4V202.2h63.7v29.2h.9c8.9-16.8 30.6-34.5 62.9-34.5 67.2 0 79.7 44.3 79.7 101.9V416z\"><\/path><\/svg>\t\t\t\t\t<\/a>\n\t\t\t\t<\/span>\n\t\t\t\t\t<\/div>\n\t\t\t\t\t\t<\/div>\n\t\t\t\t<\/div>\n\t\t\t\t<\/div>\n\t\t<div class=\"elementor-element elementor-element-1235c12e e-flex e-con-boxed wpr-jarallax-no wpr-parallax-no wpr-sticky-section-no wpr-equal-height-no e-con e-parent\" data-id=\"1235c12e\" data-element_type=\"container\" data-e-type=\"container\">\n\t\t\t\t\t<div class=\"e-con-inner\">\n\t\t\t\t<div class=\"elementor-element elementor-element-5bb22acc elementor-widget elementor-widget-text-editor\" data-id=\"5bb22acc\" data-element_type=\"widget\" data-e-type=\"widget\" data-widget_type=\"text-editor.default\">\n\t\t\t\t<div class=\"elementor-widget-container\">\n\t\t\t\t\t\t\t\t\t<h1><strong>Impressum<\/strong><\/h1><p><em><span style=\"font-family: helvetica, arial, sans-serif; font-size: 14pt;\"><span style=\"font-size: 12pt;\">German Terms &amp; Conditions page<\/span><\/span><\/em><\/p><p>Angaben gem\u00e4\u00df \u00a7 5 TMG<\/p><p><span style=\"font-family: helvetica, arial, sans-serif;\">Thomas Brinck<\/span><br \/><span style=\"font-family: helvetica, arial, sans-serif;\">Pfisterstra\u00dfe 9<br \/><\/span><span style=\"font-family: helvetica, arial, sans-serif;\">90762 F\u00fcrth<\/span><\/p><h2><span style=\"font-family: helvetica, arial, sans-serif; font-size: 14pt;\">Kontakt<\/span><\/h2><p><span style=\"font-family: helvetica, arial, sans-serif;\">Telefon: +49 (0) 176 80329924<\/span><br \/><span style=\"font-family: helvetica, arial, sans-serif;\">E-Mail:\u00a0<\/span><a style=\"font-family: var( --e-global-typography-text-font-family ), Sans-serif; font-weight: var( --e-global-typography-text-font-weight ); text-align: var(--text-align); background-color: #1b1b1b;\" href=\"mailto:mail@thomasbrinck.de\" target=\"_blank\" rel=\"noopener\">mail@thomasbrinck.de<\/a><\/p><h2><span style=\"font-family: helvetica, arial, sans-serif; font-size: 14pt;\">Steuernummer<\/span><\/h2><p><span style=\"font-family: helvetica, arial, sans-serif;\">218\/207\/60473<br \/>Finanzamt F\u00fcrth, Bayern<\/span><\/p><p><span style=\"font-family: helvetica, arial, sans-serif;\">Wir sind nicht bereit oder verpflichtet, an Streitbeilegungsverfahren vor einer Verbraucherschlichtungsstelle teilzunehmen.<\/span><\/p><h3><span style=\"font-family: helvetica, arial, sans-serif; font-size: 14pt;\">Haftung f\u00fcr Inhalte<\/span><\/h3><p><span style=\"font-family: helvetica, arial, sans-serif;\">Als Diensteanbieter sind wir gem\u00e4\u00df \u00a7 7 Abs.1 TMG f\u00fcr eigene Inhalte auf diesen Seiten nach den allgemeinen Gesetzen verantwortlich. Nach \u00a7\u00a7 8 bis 10 TMG sind wir als Diensteanbieter jedoch nicht verpflichtet, \u00fcbermittelte oder gespeicherte fremde Informationen zu \u00fcberwachen oder nach Umst\u00e4nden zu forschen, die auf eine rechtswidrige T\u00e4tigkeit hinweisen.<\/span><\/p><p><span style=\"font-family: helvetica, arial, sans-serif;\">Verpflichtungen zur Entfernung oder Sperrung der Nutzung von Informationen nach den allgemeinen Gesetzen bleiben hiervon unber\u00fchrt. Eine diesbez\u00fcgliche Haftung ist jedoch erst ab dem Zeitpunkt der Kenntnis einer konkreten Rechtsverletzung m\u00f6glich. Bei Bekanntwerden von entsprechenden Rechtsverletzungen werden wir diese Inhalte umgehend entfernen.<\/span><\/p><h3><span style=\"font-family: helvetica, arial, sans-serif; font-size: 14pt; color: var( --e-global-color-text ); text-align: var(--text-align);\">Haftung f\u00fcr Links<\/span><\/h3><p><span style=\"font-family: helvetica, arial, sans-serif;\">Unser Angebot enth\u00e4lt Links zu externen Websites Dritter, auf deren Inhalte wir keinen Einfluss haben. Deshalb k\u00f6nnen wir f\u00fcr diese fremden Inhalte auch keine Gew\u00e4hr \u00fcbernehmen. F\u00fcr die Inhalte der verlinkten Seiten ist stets der jeweilige Anbieter oder Betreiber der Seiten verantwortlich. Die verlinkten Seiten wurden zum Zeitpunkt der Verlinkung auf m\u00f6gliche Rechtsverst\u00f6\u00dfe \u00fcberpr\u00fcft. Rechtswidrige Inhalte waren zum Zeitpunkt der Verlinkung nicht erkennbar.<\/span><\/p><p><span style=\"font-family: helvetica, arial, sans-serif;\">Eine permanente inhaltliche Kontrolle der verlinkten Seiten ist jedoch ohne konkrete Anhaltspunkte einer Rechtsverletzung nicht zumutbar. Bei Bekanntwerden von Rechtsverletzungen werden wir derartige Links umgehend entfernen.<\/span><\/p><h3><span style=\"font-family: helvetica, arial, sans-serif; font-size: 14pt;\">Urheberrecht<\/span><\/h3><p><span style=\"font-family: helvetica, arial, sans-serif;\">Die durch die Seitenbetreiber erstellten Inhalte und Werke auf diesen Seiten unterliegen dem deutschen Urheberrecht. Die Vervielf\u00e4ltigung, Bearbeitung, Verbreitung und jede Art der Verwertung au\u00dferhalb der Grenzen des Urheberrechtes bed\u00fcrfen der schriftlichen Zustimmung des jeweiligen Autors bzw. Erstellers. Downloads und Kopien dieser Seite sind nur f\u00fcr den privaten, nicht kommerziellen Gebrauch gestattet.<\/span><\/p><p><span style=\"font-family: helvetica, arial, sans-serif;\">Soweit die Inhalte auf dieser Seite nicht vom Betreiber erstellt wurden, werden die Urheberrechte Dritter beachtet. Insbesondere werden Inhalte Dritter als solche gekennzeichnet. Sollten Sie trotzdem auf eine Urheberrechtsverletzung aufmerksam werden, bitten wir um einen entsprechenden Hinweis. Bei Bekanntwerden von Rechtsverletzungen werden wir derartige Inhalte umgehend entfernen.<\/span><\/p>\t\t\t\t\t\t\t\t<\/div>\n\t\t\t\t<\/div>\n\t\t\t\t\t<\/div>\n\t\t\t\t<\/div>\n\t\t\t\t<\/div>","protected":false},"excerpt":{"rendered":"<p>HOME ABOUT CREDITS IMPRINT HOME ABOUT CREDITS IMPRINT CREW UNITED Envelope Instagram Vimeo Youtube Imdb Linkedin Impressum German Terms &amp; Conditions page Angaben gem\u00e4\u00df \u00a7 5 TMG Thomas BrinckPfisterstra\u00dfe 990762 F\u00fcrth Kontakt Telefon: +49 (0) 176 80329924E-Mail:\u00a0mail@thomasbrinck.de Steuernummer 218\/207\/60473Finanzamt F\u00fcrth, Bayern Wir sind nicht bereit oder verpflichtet, an Streitbeilegungsverfahren vor einer Verbraucherschlichtungsstelle teilzunehmen. Haftung f\u00fcr Inhalte Als Diensteanbieter sind wir gem\u00e4\u00df \u00a7 7 Abs.1 TMG f\u00fcr eigene Inhalte auf diesen Seiten nach den allgemeinen Gesetzen verantwortlich. Nach \u00a7\u00a7 8 bis 10 TMG sind wir als Diensteanbieter jedoch nicht verpflichtet, \u00fcbermittelte oder gespeicherte fremde Informationen zu \u00fcberwachen oder nach Umst\u00e4nden zu forschen, die auf eine rechtswidrige T\u00e4tigkeit hinweisen. Verpflichtungen zur Entfernung oder Sperrung der Nutzung von Informationen nach den allgemeinen Gesetzen bleiben hiervon unber\u00fchrt. Eine diesbez\u00fcgliche Haftung ist jedoch erst ab dem Zeitpunkt der Kenntnis einer konkreten Rechtsverletzung m\u00f6glich. Bei Bekanntwerden von entsprechenden Rechtsverletzungen werden wir diese Inhalte umgehend entfernen. Haftung f\u00fcr Links Unser Angebot enth\u00e4lt Links zu externen Websites Dritter, auf deren Inhalte wir keinen Einfluss haben. Deshalb k\u00f6nnen wir f\u00fcr diese fremden Inhalte auch keine Gew\u00e4hr \u00fcbernehmen. F\u00fcr die Inhalte der verlinkten Seiten ist stets der jeweilige Anbieter oder Betreiber der Seiten verantwortlich. Die verlinkten Seiten wurden zum Zeitpunkt der Verlinkung auf m\u00f6gliche Rechtsverst\u00f6\u00dfe \u00fcberpr\u00fcft. Rechtswidrige Inhalte waren zum Zeitpunkt der Verlinkung nicht erkennbar. Eine permanente inhaltliche Kontrolle der verlinkten Seiten ist jedoch ohne konkrete Anhaltspunkte einer Rechtsverletzung nicht zumutbar. Bei Bekanntwerden von Rechtsverletzungen werden wir derartige Links umgehend entfernen. Urheberrecht Die durch die Seitenbetreiber erstellten Inhalte und Werke auf diesen Seiten unterliegen dem deutschen Urheberrecht. Die Vervielf\u00e4ltigung, Bearbeitung, Verbreitung und jede Art der Verwertung au\u00dferhalb der Grenzen des Urheberrechtes bed\u00fcrfen der schriftlichen Zustimmung des jeweiligen Autors bzw. Erstellers. Downloads und Kopien dieser Seite sind nur f\u00fcr den privaten, nicht kommerziellen Gebrauch gestattet. Soweit die Inhalte auf dieser Seite nicht vom Betreiber erstellt wurden, werden die Urheberrechte Dritter beachtet. Insbesondere werden Inhalte Dritter als solche gekennzeichnet. Sollten Sie trotzdem auf eine Urheberrechtsverletzung aufmerksam werden, bitten wir um einen entsprechenden Hinweis. Bei Bekanntwerden von Rechtsverletzungen werden wir derartige Inhalte umgehend entfernen.<\/p>","protected":false},"author":1,"featured_media":0,"parent":0,"menu_order":0,"comment_status":"closed","ping_status":"closed","template":"","meta":{"footnotes":""},"class_list":{"0":"post-3545","1":"page","2":"type-page","3":"status-publish","4":"hentry","5":"entry","6":"clearfix","7":"entry-grid","8":"entry-columns-default","9":"entry-page-module-layout-standard","10":"no-post-thumbnail","11":"entry-page","13":"entry-page-grid"},"_links":{"self":[{"href":"https:\/\/thomasbrinck.de\/de\/wp-json\/wp\/v2\/pages\/3545","targetHints":{"allow":["GET"]}}],"collection":[{"href":"https:\/\/thomasbrinck.de\/de\/wp-json\/wp\/v2\/pages"}],"about":[{"href":"https:\/\/thomasbrinck.de\/de\/wp-json\/wp\/v2\/types\/page"}],"author":[{"embeddable":true,"href":"https:\/\/thomasbrinck.de\/de\/wp-json\/wp\/v2\/users\/1"}],"replies":[{"embeddable":true,"href":"https:\/\/thomasbrinck.de\/de\/wp-json\/wp\/v2\/comments?post=3545"}],"version-history":[{"count":21,"href":"https:\/\/thomasbrinck.de\/de\/wp-json\/wp\/v2\/pages\/3545\/revisions"}],"predecessor-version":[{"id":8576,"href":"https:\/\/thomasbrinck.de\/de\/wp-json\/wp\/v2\/pages\/3545\/revisions\/8576"}],"wp:attachment":[{"href":"https:\/\/thomasbrinck.de\/de\/wp-json\/wp\/v2\/media?parent=3545"}],"curies":[{"name":"wp","href":"https:\/\/api.w.org\/{rel}","templated":true}]}}